{"id":20385,"date":"2025-09-29T17:45:16","date_gmt":"2025-09-29T15:45:16","guid":{"rendered":"https:\/\/www.leatcon.com\/?page_id=20385"},"modified":"2025-10-29T10:13:29","modified_gmt":"2025-10-29T09:13:29","slug":"demo-rooms","status":"publish","type":"page","link":"https:\/\/www.leatcon.com\/en\/program\/demo-rooms\/","title":{"rendered":"Demo Rooms"},"content":{"rendered":"","protected":false},"excerpt":{"rendered":"","protected":false},"author":14,"featured_media":20607,"parent":15728,"menu_order":0,"comment_status":"closed","ping_status":"closed","template":"page-flexiblelayout.php","meta":{"footnotes":""},"coauthors":[45],"class_list":["post-20385","page","type-page","status-publish","has-post-thumbnail","hentry"],"yoast_head":"<!-- This site is optimized with the Yoast SEO plugin v19.14 - https:\/\/yoast.com\/wordpress\/plugins\/seo\/ -->\n<title>Demo Rooms - LEaT<\/title>\n<meta name=\"description\" content=\"The AVcon | Mit eigenem Ausstellungsbereich und zwei Vortragsb\u00fchnen erg\u00e4nzt sie die LEaT con um Hard- und Software-L\u00f6sungen in modernen Arbeitswelten und Medieninstallationen f\u00fcr Unternehmen, Institutionen und im Bildungsbereich.\" \/>\n<meta name=\"robots\" content=\"index, follow, max-snippet:-1, max-image-preview:large, max-video-preview:-1\" \/>\n<link rel=\"canonical\" href=\"https:\/\/www.leatcon.com\/en\/program\/demo-rooms\/\" \/>\n<meta property=\"og:locale\" content=\"en_US\" \/>\n<meta property=\"og:type\" content=\"article\" \/>\n<meta property=\"og:title\" content=\"Demo Rooms - LEaT\" \/>\n<meta property=\"og:description\" content=\"The AVcon | Mit eigenem Ausstellungsbereich und zwei Vortragsb\u00fchnen erg\u00e4nzt sie die LEaT con um Hard- und Software-L\u00f6sungen in modernen Arbeitswelten und Medieninstallationen f\u00fcr Unternehmen, Institutionen und im Bildungsbereich.\" \/>\n<meta property=\"og:url\" content=\"https:\/\/www.leatcon.com\/en\/program\/demo-rooms\/\" \/>\n<meta property=\"og:site_name\" content=\"LEaT\" \/>\n<meta property=\"article:modified_time\" content=\"2025-10-29T09:13:29+00:00\" \/>\n<meta property=\"og:image\" content=\"https:\/\/www.leatcon.com\/app\/uploads\/2025\/09\/demo-1-2.jpg\" \/>\n\t<meta property=\"og:image:width\" content=\"2048\" \/>\n\t<meta property=\"og:image:height\" content=\"686\" \/>\n\t<meta property=\"og:image:type\" content=\"image\/jpeg\" \/>\n<meta name=\"twitter:card\" content=\"summary_large_image\" \/>\n<meta name=\"twitter:label1\" content=\"Written by\" \/>\n\t<meta name=\"twitter:data1\" content=\"Redaktion\" \/>\n<script type=\"application\/ld+json\" class=\"yoast-schema-graph\">{\"@context\":\"https:\/\/schema.org\",\"@graph\":[{\"@type\":\"WebPage\",\"@id\":\"https:\/\/www.leatcon.com\/en\/program\/demo-rooms\/\",\"url\":\"https:\/\/www.leatcon.com\/en\/program\/demo-rooms\/\",\"name\":\"Demo Rooms - LEaT\",\"isPartOf\":{\"@id\":\"https:\/\/www.leatcon.com\/#website\"},\"datePublished\":\"2025-09-29T15:45:16+00:00\",\"dateModified\":\"2025-10-29T09:13:29+00:00\",\"description\":\"The AVcon | Mit eigenem Ausstellungsbereich und zwei Vortragsb\u00fchnen erg\u00e4nzt sie die LEaT con um Hard- und Software-L\u00f6sungen in modernen Arbeitswelten und Medieninstallationen f\u00fcr Unternehmen, Institutionen und im Bildungsbereich.\",\"breadcrumb\":{\"@id\":\"https:\/\/www.leatcon.com\/en\/program\/demo-rooms\/#breadcrumb\"},\"inLanguage\":\"en-US\",\"potentialAction\":[{\"@type\":\"ReadAction\",\"target\":[\"https:\/\/www.leatcon.com\/en\/program\/demo-rooms\/\"]}]},{\"@type\":\"BreadcrumbList\",\"@id\":\"https:\/\/www.leatcon.com\/en\/program\/demo-rooms\/#breadcrumb\",\"itemListElement\":[{\"@type\":\"ListItem\",\"position\":1,\"name\":\"Home\",\"item\":\"https:\/\/www.leatcon.com\/en\/leat-con-26\/\"},{\"@type\":\"ListItem\",\"position\":2,\"name\":\"Program\",\"item\":\"https:\/\/www.leatcon.com\/en\/program\/\"},{\"@type\":\"ListItem\",\"position\":3,\"name\":\"Demo Rooms\"}]},{\"@type\":\"WebSite\",\"@id\":\"https:\/\/www.leatcon.com\/#website\",\"url\":\"https:\/\/www.leatcon.com\/\",\"name\":\"LEaT\",\"description\":\"Live, Entertainment and Technology\",\"potentialAction\":[{\"@type\":\"SearchAction\",\"target\":{\"@type\":\"EntryPoint\",\"urlTemplate\":\"https:\/\/www.leatcon.com\/?s={search_term_string}\"},\"query-input\":\"required name=search_term_string\"}],\"inLanguage\":\"en-US\"}]}<\/script>\n<!-- \/ Yoast SEO plugin. -->","yoast_head_json":{"title":"Demo Rooms - LEaT","description":"The AVcon | Mit eigenem Ausstellungsbereich und zwei Vortragsb\u00fchnen erg\u00e4nzt sie die LEaT con um Hard- und Software-L\u00f6sungen in modernen Arbeitswelten und Medieninstallationen f\u00fcr Unternehmen, Institutionen und im Bildungsbereich.","robots":{"index":"index","follow":"follow","max-snippet":"max-snippet:-1","max-image-preview":"max-image-preview:large","max-video-preview":"max-video-preview:-1"},"canonical":"https:\/\/www.leatcon.com\/en\/program\/demo-rooms\/","og_locale":"en_US","og_type":"article","og_title":"Demo Rooms - LEaT","og_description":"The AVcon | Mit eigenem Ausstellungsbereich und zwei Vortragsb\u00fchnen erg\u00e4nzt sie die LEaT con um Hard- und Software-L\u00f6sungen in modernen Arbeitswelten und Medieninstallationen f\u00fcr Unternehmen, Institutionen und im Bildungsbereich.","og_url":"https:\/\/www.leatcon.com\/en\/program\/demo-rooms\/","og_site_name":"LEaT","article_modified_time":"2025-10-29T09:13:29+00:00","og_image":[{"width":2048,"height":686,"url":"https:\/\/www.leatcon.com\/app\/uploads\/2025\/09\/demo-1-2.jpg","type":"image\/jpeg"}],"twitter_card":"summary_large_image","twitter_misc":{"Written by":"Redaktion"},"schema":{"@context":"https:\/\/schema.org","@graph":[{"@type":"WebPage","@id":"https:\/\/www.leatcon.com\/en\/program\/demo-rooms\/","url":"https:\/\/www.leatcon.com\/en\/program\/demo-rooms\/","name":"Demo Rooms - LEaT","isPartOf":{"@id":"https:\/\/www.leatcon.com\/#website"},"datePublished":"2025-09-29T15:45:16+00:00","dateModified":"2025-10-29T09:13:29+00:00","description":"The AVcon | Mit eigenem Ausstellungsbereich und zwei Vortragsb\u00fchnen erg\u00e4nzt sie die LEaT con um Hard- und Software-L\u00f6sungen in modernen Arbeitswelten und Medieninstallationen f\u00fcr Unternehmen, Institutionen und im Bildungsbereich.","breadcrumb":{"@id":"https:\/\/www.leatcon.com\/en\/program\/demo-rooms\/#breadcrumb"},"inLanguage":"en-US","potentialAction":[{"@type":"ReadAction","target":["https:\/\/www.leatcon.com\/en\/program\/demo-rooms\/"]}]},{"@type":"BreadcrumbList","@id":"https:\/\/www.leatcon.com\/en\/program\/demo-rooms\/#breadcrumb","itemListElement":[{"@type":"ListItem","position":1,"name":"Home","item":"https:\/\/www.leatcon.com\/en\/leat-con-26\/"},{"@type":"ListItem","position":2,"name":"Program","item":"https:\/\/www.leatcon.com\/en\/program\/"},{"@type":"ListItem","position":3,"name":"Demo Rooms"}]},{"@type":"WebSite","@id":"https:\/\/www.leatcon.com\/#website","url":"https:\/\/www.leatcon.com\/","name":"LEaT","description":"Live, Entertainment and Technology","potentialAction":[{"@type":"SearchAction","target":{"@type":"EntryPoint","urlTemplate":"https:\/\/www.leatcon.com\/?s={search_term_string}"},"query-input":"required name=search_term_string"}],"inLanguage":"en-US"}]}},"_links":{"self":[{"href":"https:\/\/www.leatcon.com\/en\/wp-json\/wp\/v2\/pages\/20385","targetHints":{"allow":["GET"]}}],"collection":[{"href":"https:\/\/www.leatcon.com\/en\/wp-json\/wp\/v2\/pages"}],"about":[{"href":"https:\/\/www.leatcon.com\/en\/wp-json\/wp\/v2\/types\/page"}],"author":[{"embeddable":true,"href":"https:\/\/www.leatcon.com\/en\/wp-json\/wp\/v2\/users\/14"}],"replies":[{"embeddable":true,"href":"https:\/\/www.leatcon.com\/en\/wp-json\/wp\/v2\/comments?post=20385"}],"version-history":[{"count":10,"href":"https:\/\/www.leatcon.com\/en\/wp-json\/wp\/v2\/pages\/20385\/revisions"}],"predecessor-version":[{"id":21133,"href":"https:\/\/www.leatcon.com\/en\/wp-json\/wp\/v2\/pages\/20385\/revisions\/21133"}],"up":[{"embeddable":true,"href":"https:\/\/www.leatcon.com\/en\/wp-json\/wp\/v2\/pages\/15728"}],"wp:featuredmedia":[{"embeddable":true,"href":"https:\/\/www.leatcon.com\/en\/wp-json\/wp\/v2\/media\/20607"}],"wp:attachment":[{"href":"https:\/\/www.leatcon.com\/en\/wp-json\/wp\/v2\/media?parent=20385"}],"wp:term":[{"taxonomy":"author","embeddable":true,"href":"https:\/\/www.leatcon.com\/en\/wp-json\/wp\/v2\/coauthors?post=20385"}],"curies":[{"name":"wp","href":"https:\/\/api.w.org\/{rel}","templated":true}]}}