{"id":11095,"date":"2023-06-05T10:28:50","date_gmt":"2023-06-05T08:28:50","guid":{"rendered":"https:\/\/www.leatcon.com\/?page_id=11095"},"modified":"2025-06-17T09:00:09","modified_gmt":"2025-06-17T07:00:09","slug":"studioszene","status":"publish","type":"page","link":"https:\/\/www.leatcon.com\/en\/studioszene\/","title":{"rendered":"Studioszene"},"content":{"rendered":"","protected":false},"excerpt":{"rendered":"","protected":false},"author":11,"featured_media":19022,"parent":0,"menu_order":0,"comment_status":"closed","ping_status":"closed","template":"page-flexiblelayout.php","meta":{"footnotes":""},"coauthors":[30],"class_list":["post-11095","page","type-page","status-publish","has-post-thumbnail","hentry"],"yoast_head":"<!-- This site is optimized with the Yoast SEO plugin v19.14 - https:\/\/yoast.com\/wordpress\/plugins\/seo\/ -->\n<title>Studioszene - LEaT<\/title>\n<meta name=\"description\" content=\"Die Studioszene pr\u00e4sentiert Masterclasses, Workshops, Produktpr\u00e4sentationen und zeigt L\u00f6sungen zu den neuen Workflows.\" \/>\n<meta name=\"robots\" content=\"index, follow, max-snippet:-1, max-image-preview:large, max-video-preview:-1\" \/>\n<link rel=\"canonical\" href=\"https:\/\/www.leatcon.com\/en\/studioszene\/\" \/>\n<meta property=\"og:locale\" content=\"en_US\" \/>\n<meta property=\"og:type\" content=\"article\" \/>\n<meta property=\"og:title\" content=\"Studioszene - LEaT\" \/>\n<meta property=\"og:description\" content=\"Die Studioszene pr\u00e4sentiert Masterclasses, Workshops, Produktpr\u00e4sentationen und zeigt L\u00f6sungen zu den neuen Workflows.\" \/>\n<meta property=\"og:url\" content=\"https:\/\/www.leatcon.com\/en\/studioszene\/\" \/>\n<meta property=\"og:site_name\" content=\"LEaT\" \/>\n<meta property=\"article:modified_time\" content=\"2025-06-17T07:00:09+00:00\" \/>\n<meta property=\"og:image\" content=\"https:\/\/www.leatcon.com\/app\/uploads\/2025\/02\/Studioszene-banner-en.jpg\" \/>\n\t<meta property=\"og:image:width\" content=\"2048\" \/>\n\t<meta property=\"og:image:height\" content=\"686\" \/>\n\t<meta property=\"og:image:type\" content=\"image\/jpeg\" \/>\n<meta name=\"twitter:card\" content=\"summary_large_image\" \/>\n<meta name=\"twitter:label1\" content=\"Written by\" \/>\n\t<meta name=\"twitter:data1\" content=\"Lena\" \/>\n<script type=\"application\/ld+json\" class=\"yoast-schema-graph\">{\"@context\":\"https:\/\/schema.org\",\"@graph\":[{\"@type\":\"WebPage\",\"@id\":\"https:\/\/www.leatcon.com\/en\/studioszene\/\",\"url\":\"https:\/\/www.leatcon.com\/en\/studioszene\/\",\"name\":\"Studioszene - LEaT\",\"isPartOf\":{\"@id\":\"https:\/\/www.leatcon.com\/#website\"},\"datePublished\":\"2023-06-05T08:28:50+00:00\",\"dateModified\":\"2025-06-17T07:00:09+00:00\",\"description\":\"Die Studioszene pr\u00e4sentiert Masterclasses, Workshops, Produktpr\u00e4sentationen und zeigt L\u00f6sungen zu den neuen Workflows.\",\"breadcrumb\":{\"@id\":\"https:\/\/www.leatcon.com\/en\/studioszene\/#breadcrumb\"},\"inLanguage\":\"en-US\",\"potentialAction\":[{\"@type\":\"ReadAction\",\"target\":[\"https:\/\/www.leatcon.com\/en\/studioszene\/\"]}]},{\"@type\":\"BreadcrumbList\",\"@id\":\"https:\/\/www.leatcon.com\/en\/studioszene\/#breadcrumb\",\"itemListElement\":[{\"@type\":\"ListItem\",\"position\":1,\"name\":\"Home\",\"item\":\"https:\/\/www.leatcon.com\/en\/leat-con-26\/\"},{\"@type\":\"ListItem\",\"position\":2,\"name\":\"Studioszene\"}]},{\"@type\":\"WebSite\",\"@id\":\"https:\/\/www.leatcon.com\/#website\",\"url\":\"https:\/\/www.leatcon.com\/\",\"name\":\"LEaT\",\"description\":\"Live, Entertainment and Technology\",\"potentialAction\":[{\"@type\":\"SearchAction\",\"target\":{\"@type\":\"EntryPoint\",\"urlTemplate\":\"https:\/\/www.leatcon.com\/?s={search_term_string}\"},\"query-input\":\"required name=search_term_string\"}],\"inLanguage\":\"en-US\"}]}<\/script>\n<!-- \/ Yoast SEO plugin. -->","yoast_head_json":{"title":"Studioszene - LEaT","description":"Die Studioszene pr\u00e4sentiert Masterclasses, Workshops, Produktpr\u00e4sentationen und zeigt L\u00f6sungen zu den neuen Workflows.","robots":{"index":"index","follow":"follow","max-snippet":"max-snippet:-1","max-image-preview":"max-image-preview:large","max-video-preview":"max-video-preview:-1"},"canonical":"https:\/\/www.leatcon.com\/en\/studioszene\/","og_locale":"en_US","og_type":"article","og_title":"Studioszene - LEaT","og_description":"Die Studioszene pr\u00e4sentiert Masterclasses, Workshops, Produktpr\u00e4sentationen und zeigt L\u00f6sungen zu den neuen Workflows.","og_url":"https:\/\/www.leatcon.com\/en\/studioszene\/","og_site_name":"LEaT","article_modified_time":"2025-06-17T07:00:09+00:00","og_image":[{"width":2048,"height":686,"url":"https:\/\/www.leatcon.com\/app\/uploads\/2025\/02\/Studioszene-banner-en.jpg","type":"image\/jpeg"}],"twitter_card":"summary_large_image","twitter_misc":{"Written by":"Lena"},"schema":{"@context":"https:\/\/schema.org","@graph":[{"@type":"WebPage","@id":"https:\/\/www.leatcon.com\/en\/studioszene\/","url":"https:\/\/www.leatcon.com\/en\/studioszene\/","name":"Studioszene - LEaT","isPartOf":{"@id":"https:\/\/www.leatcon.com\/#website"},"datePublished":"2023-06-05T08:28:50+00:00","dateModified":"2025-06-17T07:00:09+00:00","description":"Die Studioszene pr\u00e4sentiert Masterclasses, Workshops, Produktpr\u00e4sentationen und zeigt L\u00f6sungen zu den neuen Workflows.","breadcrumb":{"@id":"https:\/\/www.leatcon.com\/en\/studioszene\/#breadcrumb"},"inLanguage":"en-US","potentialAction":[{"@type":"ReadAction","target":["https:\/\/www.leatcon.com\/en\/studioszene\/"]}]},{"@type":"BreadcrumbList","@id":"https:\/\/www.leatcon.com\/en\/studioszene\/#breadcrumb","itemListElement":[{"@type":"ListItem","position":1,"name":"Home","item":"https:\/\/www.leatcon.com\/en\/leat-con-26\/"},{"@type":"ListItem","position":2,"name":"Studioszene"}]},{"@type":"WebSite","@id":"https:\/\/www.leatcon.com\/#website","url":"https:\/\/www.leatcon.com\/","name":"LEaT","description":"Live, Entertainment and Technology","potentialAction":[{"@type":"SearchAction","target":{"@type":"EntryPoint","urlTemplate":"https:\/\/www.leatcon.com\/?s={search_term_string}"},"query-input":"required name=search_term_string"}],"inLanguage":"en-US"}]}},"_links":{"self":[{"href":"https:\/\/www.leatcon.com\/en\/wp-json\/wp\/v2\/pages\/11095","targetHints":{"allow":["GET"]}}],"collection":[{"href":"https:\/\/www.leatcon.com\/en\/wp-json\/wp\/v2\/pages"}],"about":[{"href":"https:\/\/www.leatcon.com\/en\/wp-json\/wp\/v2\/types\/page"}],"author":[{"embeddable":true,"href":"https:\/\/www.leatcon.com\/en\/wp-json\/wp\/v2\/users\/11"}],"replies":[{"embeddable":true,"href":"https:\/\/www.leatcon.com\/en\/wp-json\/wp\/v2\/comments?post=11095"}],"version-history":[{"count":53,"href":"https:\/\/www.leatcon.com\/en\/wp-json\/wp\/v2\/pages\/11095\/revisions"}],"predecessor-version":[{"id":19668,"href":"https:\/\/www.leatcon.com\/en\/wp-json\/wp\/v2\/pages\/11095\/revisions\/19668"}],"wp:featuredmedia":[{"embeddable":true,"href":"https:\/\/www.leatcon.com\/en\/wp-json\/wp\/v2\/media\/19022"}],"wp:attachment":[{"href":"https:\/\/www.leatcon.com\/en\/wp-json\/wp\/v2\/media?parent=11095"}],"wp:term":[{"taxonomy":"author","embeddable":true,"href":"https:\/\/www.leatcon.com\/en\/wp-json\/wp\/v2\/coauthors?post=11095"}],"curies":[{"name":"wp","href":"https:\/\/api.w.org\/{rel}","templated":true}]}}